{"id":53,"date":"2024-04-25T11:13:35","date_gmt":"2024-04-25T11:13:35","guid":{"rendered":"http:\/\/www.bilecikotomasyon.com\/?page_id=53"},"modified":"2024-07-21T17:09:34","modified_gmt":"2024-07-21T17:09:34","slug":"cozumlerimiz","status":"publish","type":"page","link":"http:\/\/www.bilecikotomasyon.com\/index.php\/cozumlerimiz\/","title":{"rendered":"\u00c7\u00d6Z\u00dcMLER\u0130M\u0130Z"},"content":{"rendered":"<div class=\"wp-block-image\">\n<figure class=\"aligncenter size-full is-resized\"><img loading=\"lazy\" decoding=\"async\" width=\"304\" height=\"162\" src=\"http:\/\/www.bilecikotomasyon.com\/wp-content\/uploads\/2024\/04\/LOGO_BARAN_3.png\" alt=\"\" class=\"wp-image-6\" style=\"width:144px;height:auto\" srcset=\"http:\/\/www.bilecikotomasyon.com\/wp-content\/uploads\/2024\/04\/LOGO_BARAN_3.png 304w, http:\/\/www.bilecikotomasyon.com\/wp-content\/uploads\/2024\/04\/LOGO_BARAN_3-300x160.png 300w\" sizes=\"(max-width: 304px) 100vw, 304px\" \/><\/figure><\/div>\n\n\n<p>SIEMENS, OMRON, DELTA, FATEK ve iste\u011fe ba\u011fl\u0131 di\u011fer markalarla Otomasyon ve Revizyonlarda en uygun \u00e7\u00f6z\u00fcm\u00fc sunuyor, PLC, HMI, SCADA, SERVO S\u0130STEM, ROBOTLU \u00dcRET\u0130M yaz\u0131l\u0131mlar\u0131n\u0131z\u0131 yap\u0131yoruz.<\/p>\n\n\n\n<p><strong>ROBOTLU \u00dcRET\u0130M<\/strong><\/p>\n\n\n<div class=\"wp-block-image\">\n<figure class=\"aligncenter size-full is-resized\"><img loading=\"lazy\" decoding=\"async\" width=\"271\" height=\"186\" src=\"http:\/\/www.bilecikotomasyon.com\/wp-content\/uploads\/2024\/04\/robot.png\" alt=\"\" class=\"wp-image-17\" style=\"width:595px\"\/><\/figure><\/div>\n\n\n<p><\/p>\n\n\n\n<p><strong>GIDA<\/strong><\/p>\n\n\n<div class=\"wp-block-image\">\n<figure class=\"aligncenter size-large is-resized\"><img loading=\"lazy\" decoding=\"async\" width=\"1024\" height=\"575\" src=\"http:\/\/www.bilecikotomasyon.com\/wp-content\/uploads\/2024\/04\/2014-07-24-1862-1024x575.jpg\" alt=\"\" class=\"wp-image-54\" style=\"width:595px;height:auto\" srcset=\"http:\/\/www.bilecikotomasyon.com\/wp-content\/uploads\/2024\/04\/2014-07-24-1862-1024x575.jpg 1024w, http:\/\/www.bilecikotomasyon.com\/wp-content\/uploads\/2024\/04\/2014-07-24-1862-300x169.jpg 300w, http:\/\/www.bilecikotomasyon.com\/wp-content\/uploads\/2024\/04\/2014-07-24-1862-768x432.jpg 768w, http:\/\/www.bilecikotomasyon.com\/wp-content\/uploads\/2024\/04\/2014-07-24-1862-1536x863.jpg 1536w, http:\/\/www.bilecikotomasyon.com\/wp-content\/uploads\/2024\/04\/2014-07-24-1862-2048x1151.jpg 2048w\" sizes=\"(max-width: 1024px) 100vw, 1024px\" \/><\/figure><\/div>\n\n\n<p><\/p>\n\n\n\n<p><strong>S\u00dcNGER D\u00d6K\u00dcM HATLARI<\/strong><\/p>\n\n\n<div class=\"wp-block-image\">\n<figure class=\"aligncenter size-large is-resized\"><img loading=\"lazy\" decoding=\"async\" width=\"1024\" height=\"575\" src=\"http:\/\/www.bilecikotomasyon.com\/wp-content\/uploads\/2024\/04\/2012-09-27-134-1024x575.jpg\" alt=\"\" class=\"wp-image-14\" style=\"width:595px\" srcset=\"http:\/\/www.bilecikotomasyon.com\/wp-content\/uploads\/2024\/04\/2012-09-27-134-1024x575.jpg 1024w, http:\/\/www.bilecikotomasyon.com\/wp-content\/uploads\/2024\/04\/2012-09-27-134-300x169.jpg 300w, http:\/\/www.bilecikotomasyon.com\/wp-content\/uploads\/2024\/04\/2012-09-27-134-768x432.jpg 768w, http:\/\/www.bilecikotomasyon.com\/wp-content\/uploads\/2024\/04\/2012-09-27-134-1536x863.jpg 1536w, http:\/\/www.bilecikotomasyon.com\/wp-content\/uploads\/2024\/04\/2012-09-27-134-2048x1151.jpg 2048w\" sizes=\"(max-width: 1024px) 100vw, 1024px\" \/><\/figure><\/div>\n\n\n<p><\/p>\n\n\n\n<p><strong>RAF S\u0130STEMLER\u0130 OTOMASYONU<\/strong><\/p>\n\n\n<div class=\"wp-block-image\">\n<figure class=\"aligncenter size-full is-resized\"><img loading=\"lazy\" decoding=\"async\" width=\"640\" height=\"480\" src=\"http:\/\/www.bilecikotomasyon.com\/wp-content\/uploads\/2024\/04\/DSC02747.jpg\" alt=\"\" class=\"wp-image-18\" style=\"width:595px\" srcset=\"http:\/\/www.bilecikotomasyon.com\/wp-content\/uploads\/2024\/04\/DSC02747.jpg 640w, http:\/\/www.bilecikotomasyon.com\/wp-content\/uploads\/2024\/04\/DSC02747-300x225.jpg 300w\" sizes=\"(max-width: 640px) 100vw, 640px\" \/><\/figure><\/div>\n\n\n<p><\/p>\n\n\n\n<p><strong>ELEKTRON\u0130K KART TASARIMI VE \u00c7\u00d6Z\u00dcMLER\u0130<\/strong><\/p>\n\n\n<div class=\"wp-block-image\">\n<figure class=\"aligncenter size-large is-resized\"><img loading=\"lazy\" decoding=\"async\" width=\"1024\" height=\"768\" src=\"http:\/\/www.bilecikotomasyon.com\/wp-content\/uploads\/2024\/04\/2013-12-13-17.37.58-1024x768.jpg\" alt=\"\" class=\"wp-image-19\" style=\"width:595px\" srcset=\"http:\/\/www.bilecikotomasyon.com\/wp-content\/uploads\/2024\/04\/2013-12-13-17.37.58-1024x768.jpg 1024w, http:\/\/www.bilecikotomasyon.com\/wp-content\/uploads\/2024\/04\/2013-12-13-17.37.58-300x225.jpg 300w, http:\/\/www.bilecikotomasyon.com\/wp-content\/uploads\/2024\/04\/2013-12-13-17.37.58-768x576.jpg 768w, http:\/\/www.bilecikotomasyon.com\/wp-content\/uploads\/2024\/04\/2013-12-13-17.37.58-1536x1152.jpg 1536w, http:\/\/www.bilecikotomasyon.com\/wp-content\/uploads\/2024\/04\/2013-12-13-17.37.58-2048x1536.jpg 2048w\" sizes=\"(max-width: 1024px) 100vw, 1024px\" \/><\/figure><\/div>\n\n\n<p><\/p>\n\n\n\n<p><strong>KONVEY\u00d6R S\u0130STEMLER\u0130<\/strong><\/p>\n\n\n<div class=\"wp-block-image\">\n<figure class=\"aligncenter size-full is-resized\"><img loading=\"lazy\" decoding=\"async\" width=\"320\" height=\"240\" src=\"http:\/\/www.bilecikotomasyon.com\/wp-content\/uploads\/2024\/04\/IMG041-1.jpg\" alt=\"\" class=\"wp-image-56\" style=\"width:591px\" srcset=\"http:\/\/www.bilecikotomasyon.com\/wp-content\/uploads\/2024\/04\/IMG041-1.jpg 320w, http:\/\/www.bilecikotomasyon.com\/wp-content\/uploads\/2024\/04\/IMG041-1-300x225.jpg 300w\" sizes=\"(max-width: 320px) 100vw, 320px\" \/><\/figure><\/div>\n\n\n<p><\/p>\n\n\n\n<p><strong>OTOKLAV<\/strong><\/p>\n\n\n<div class=\"wp-block-image\">\n<figure class=\"aligncenter size-full is-resized\"><img loading=\"lazy\" decoding=\"async\" width=\"640\" height=\"480\" src=\"http:\/\/www.bilecikotomasyon.com\/wp-content\/uploads\/2024\/04\/DSC02292.jpg\" alt=\"\" class=\"wp-image-55\" style=\"width:595px\" srcset=\"http:\/\/www.bilecikotomasyon.com\/wp-content\/uploads\/2024\/04\/DSC02292.jpg 640w, http:\/\/www.bilecikotomasyon.com\/wp-content\/uploads\/2024\/04\/DSC02292-300x225.jpg 300w\" sizes=\"(max-width: 640px) 100vw, 640px\" \/><\/figure><\/div>\n\n\n<p><\/p>\n\n\n\n<p><strong>SIVI\/KATI DOLUM TES\u0130SLER\u0130<\/strong><\/p>\n\n\n<div class=\"wp-block-image\">\n<figure class=\"aligncenter size-large is-resized\"><img loading=\"lazy\" decoding=\"async\" width=\"1024\" height=\"483\" src=\"http:\/\/www.bilecikotomasyon.com\/wp-content\/uploads\/2024\/04\/WhatsApp-Image-2024-04-25-at-14.09.38-1024x483.jpeg\" alt=\"\" class=\"wp-image-57\" style=\"width:595px\" srcset=\"http:\/\/www.bilecikotomasyon.com\/wp-content\/uploads\/2024\/04\/WhatsApp-Image-2024-04-25-at-14.09.38-1024x483.jpeg 1024w, http:\/\/www.bilecikotomasyon.com\/wp-content\/uploads\/2024\/04\/WhatsApp-Image-2024-04-25-at-14.09.38-300x142.jpeg 300w, http:\/\/www.bilecikotomasyon.com\/wp-content\/uploads\/2024\/04\/WhatsApp-Image-2024-04-25-at-14.09.38-768x362.jpeg 768w, http:\/\/www.bilecikotomasyon.com\/wp-content\/uploads\/2024\/04\/WhatsApp-Image-2024-04-25-at-14.09.38-1536x725.jpeg 1536w, http:\/\/www.bilecikotomasyon.com\/wp-content\/uploads\/2024\/04\/WhatsApp-Image-2024-04-25-at-14.09.38.jpeg 1600w\" sizes=\"(max-width: 1024px) 100vw, 1024px\" \/><\/figure><\/div>\n\n\n<p><\/p>\n\n\n\n<p><strong>A\u00c7IK HAMUR KARI\u015eTIRICILARI<\/strong><\/p>\n\n\n<div class=\"wp-block-image\">\n<figure class=\"aligncenter size-large is-resized\"><img loading=\"lazy\" decoding=\"async\" width=\"1024\" height=\"768\" src=\"http:\/\/www.bilecikotomasyon.com\/wp-content\/uploads\/2024\/04\/DSC00845-1024x768.jpg\" alt=\"\" class=\"wp-image-65\" style=\"width:595px\" srcset=\"http:\/\/www.bilecikotomasyon.com\/wp-content\/uploads\/2024\/04\/DSC00845-1024x768.jpg 1024w, http:\/\/www.bilecikotomasyon.com\/wp-content\/uploads\/2024\/04\/DSC00845-300x225.jpg 300w, http:\/\/www.bilecikotomasyon.com\/wp-content\/uploads\/2024\/04\/DSC00845-768x576.jpg 768w, http:\/\/www.bilecikotomasyon.com\/wp-content\/uploads\/2024\/04\/DSC00845-1536x1152.jpg 1536w, http:\/\/www.bilecikotomasyon.com\/wp-content\/uploads\/2024\/04\/DSC00845.jpg 1600w\" sizes=\"(max-width: 1024px) 100vw, 1024px\" \/><\/figure><\/div>\n\n\n<p><\/p>\n\n\n\n<p><strong>PRES OTOMAYONU<\/strong><\/p>\n\n\n<div class=\"wp-block-image\">\n<figure class=\"aligncenter size-large is-resized\"><img loading=\"lazy\" decoding=\"async\" width=\"768\" height=\"1024\" src=\"http:\/\/www.bilecikotomasyon.com\/wp-content\/uploads\/2024\/04\/h-tipi-300-ton-eksantrik-pres_204860-768x1024.jpg\" alt=\"\" class=\"wp-image-66\" style=\"width:595px\" srcset=\"http:\/\/www.bilecikotomasyon.com\/wp-content\/uploads\/2024\/04\/h-tipi-300-ton-eksantrik-pres_204860-768x1025.jpg 768w, http:\/\/www.bilecikotomasyon.com\/wp-content\/uploads\/2024\/04\/h-tipi-300-ton-eksantrik-pres_204860-225x300.jpg 225w, http:\/\/www.bilecikotomasyon.com\/wp-content\/uploads\/2024\/04\/h-tipi-300-ton-eksantrik-pres_204860-1151x1536.jpg 1151w, http:\/\/www.bilecikotomasyon.com\/wp-content\/uploads\/2024\/04\/h-tipi-300-ton-eksantrik-pres_204860.jpg 1200w\" sizes=\"(max-width: 768px) 100vw, 768px\" \/><\/figure><\/div>\n\n\n<p><\/p>\n\n\n\n<p><strong>MERNIFLI BANT UYGULAMALARI<\/strong><\/p>\n\n\n<div class=\"wp-block-image\">\n<figure class=\"aligncenter size-large is-resized\"><img loading=\"lazy\" decoding=\"async\" width=\"1024\" height=\"615\" src=\"http:\/\/www.bilecikotomasyon.com\/wp-content\/uploads\/2024\/04\/Ekran-goruntusu-2024-04-25-145323-1024x615.png\" alt=\"\" class=\"wp-image-69\" style=\"width:595px\" srcset=\"http:\/\/www.bilecikotomasyon.com\/wp-content\/uploads\/2024\/04\/Ekran-goruntusu-2024-04-25-145323-1024x615.png 1024w, http:\/\/www.bilecikotomasyon.com\/wp-content\/uploads\/2024\/04\/Ekran-goruntusu-2024-04-25-145323-300x180.png 300w, http:\/\/www.bilecikotomasyon.com\/wp-content\/uploads\/2024\/04\/Ekran-goruntusu-2024-04-25-145323-768x461.png 768w, http:\/\/www.bilecikotomasyon.com\/wp-content\/uploads\/2024\/04\/Ekran-goruntusu-2024-04-25-145323.png 1482w\" sizes=\"(max-width: 1024px) 100vw, 1024px\" \/><\/figure><\/div>\n\n\n<p><\/p>\n\n\n\n<p><strong>ISIL \u0130\u015eLEM S\u0130STEMLER\u0130<\/strong><\/p>\n\n\n<div class=\"wp-block-image\">\n<figure class=\"aligncenter size-large is-resized\"><img loading=\"lazy\" decoding=\"async\" width=\"1024\" height=\"485\" src=\"http:\/\/www.bilecikotomasyon.com\/wp-content\/uploads\/2024\/04\/WhatsApp-Image-2024-04-25-at-18.09.45-1024x485.jpeg\" alt=\"\" class=\"wp-image-76\" style=\"width:595px\" srcset=\"http:\/\/www.bilecikotomasyon.com\/wp-content\/uploads\/2024\/04\/WhatsApp-Image-2024-04-25-at-18.09.45-1024x485.jpeg 1024w, http:\/\/www.bilecikotomasyon.com\/wp-content\/uploads\/2024\/04\/WhatsApp-Image-2024-04-25-at-18.09.45-300x142.jpeg 300w, http:\/\/www.bilecikotomasyon.com\/wp-content\/uploads\/2024\/04\/WhatsApp-Image-2024-04-25-at-18.09.45-768x364.jpeg 768w, http:\/\/www.bilecikotomasyon.com\/wp-content\/uploads\/2024\/04\/WhatsApp-Image-2024-04-25-at-18.09.45-1536x728.jpeg 1536w, http:\/\/www.bilecikotomasyon.com\/wp-content\/uploads\/2024\/04\/WhatsApp-Image-2024-04-25-at-18.09.45.jpeg 1599w\" sizes=\"(max-width: 1024px) 100vw, 1024px\" \/><\/figure><\/div>\n\n\n<p><\/p>\n\n\n\n<p><strong>KA\u011eIT END\u00dcSTR\u0130S\u0130<\/strong><\/p>\n\n\n<div class=\"wp-block-image\">\n<figure class=\"aligncenter size-full is-resized\"><img loading=\"lazy\" decoding=\"async\" width=\"771\" height=\"367\" src=\"http:\/\/www.bilecikotomasyon.com\/wp-content\/uploads\/2024\/04\/Ekran-goruntusu-2024-04-25-183013.png\" alt=\"\" class=\"wp-image-79\" style=\"width:595px\" srcset=\"http:\/\/www.bilecikotomasyon.com\/wp-content\/uploads\/2024\/04\/Ekran-goruntusu-2024-04-25-183013.png 771w, http:\/\/www.bilecikotomasyon.com\/wp-content\/uploads\/2024\/04\/Ekran-goruntusu-2024-04-25-183013-300x143.png 300w, http:\/\/www.bilecikotomasyon.com\/wp-content\/uploads\/2024\/04\/Ekran-goruntusu-2024-04-25-183013-768x366.png 768w\" sizes=\"(max-width: 771px) 100vw, 771px\" \/><\/figure><\/div>","protected":false},"excerpt":{"rendered":"<p>SIEMENS, OMRON, DELTA, FATEK ve iste\u011fe ba\u011fl\u0131 di\u011fer markalarla Otomasyon ve Revizyonlarda en uygun \u00e7\u00f6z\u00fcm\u00fc sunuyor, PLC, HMI, SCADA, SERVO S\u0130STEM, ROBOTLU \u00dcRET\u0130M yaz\u0131l\u0131mlar\u0131n\u0131z\u0131 yap\u0131yoruz. ROBOTLU \u00dcRET\u0130M GIDA S\u00dcNGER D\u00d6K\u00dcM HATLARI RAF S\u0130STEMLER\u0130 OTOMASYONU ELEKTRON\u0130K KART TASARIMI VE \u00c7\u00d6Z\u00dcMLER\u0130 KONVEY\u00d6R S\u0130STEMLER\u0130 OTOKLAV SIVI\/KATI DOLUM TES\u0130SLER\u0130 A\u00c7IK HAMUR KARI\u015eTIRICILARI PRES OTOMAYONU [&hellip;]<\/p>\n","protected":false},"author":1,"featured_media":0,"parent":0,"menu_order":0,"comment_status":"closed","ping_status":"closed","template":"","meta":{"footnotes":""},"_links":{"self":[{"href":"http:\/\/www.bilecikotomasyon.com\/index.php\/wp-json\/wp\/v2\/pages\/53"}],"collection":[{"href":"http:\/\/www.bilecikotomasyon.com\/index.php\/wp-json\/wp\/v2\/pages"}],"about":[{"href":"http:\/\/www.bilecikotomasyon.com\/index.php\/wp-json\/wp\/v2\/types\/page"}],"author":[{"embeddable":true,"href":"http:\/\/www.bilecikotomasyon.com\/index.php\/wp-json\/wp\/v2\/users\/1"}],"replies":[{"embeddable":true,"href":"http:\/\/www.bilecikotomasyon.com\/index.php\/wp-json\/wp\/v2\/comments?post=53"}],"version-history":[{"count":11,"href":"http:\/\/www.bilecikotomasyon.com\/index.php\/wp-json\/wp\/v2\/pages\/53\/revisions"}],"predecessor-version":[{"id":94,"href":"http:\/\/www.bilecikotomasyon.com\/index.php\/wp-json\/wp\/v2\/pages\/53\/revisions\/94"}],"wp:attachment":[{"href":"http:\/\/www.bilecikotomasyon.com\/index.php\/wp-json\/wp\/v2\/media?parent=53"}],"curies":[{"name":"wp","href":"https:\/\/api.w.org\/{rel}","templated":true}]}}